{"id":16420,"date":"2020-09-22T10:25:35","date_gmt":"2020-09-22T14:25:35","guid":{"rendered":"https:\/\/phrg.ca\/recherche\/partenaires-associations-fondations\/"},"modified":"2020-11-03T09:22:57","modified_gmt":"2020-11-03T14:22:57","slug":"partenaires-associations-fondations","status":"publish","type":"page","link":"https:\/\/phrg.ca\/en\/recherche\/partenaires-associations-fondations\/","title":{"rendered":"Partners, associations and foundations"},"content":{"rendered":"<p>[vc_row css=&#8221;.vc_custom_1584807143299{margin-bottom: 40px !important;}&#8221;][vc_column][vc_empty_space height=&#8221;30px&#8221;][vc_single_image image=&#8221;16249&#8243; img_size=&#8221;full&#8221;][vc_empty_space height=&#8221;30px&#8221;][\/vc_column][\/vc_row][vc_row][vc_column][vc_tta_tour style=&#8221;modern&#8221; color=&#8221;peacoc&#8221; gap=&#8221;10&#8243; active_section=&#8221;1&#8243; no_fill_content_area=&#8221;true&#8221;][vc_tta_section title=&#8221;Partners&#8221; tab_id=&#8221;partners&#8221;]<div id='ins-heading-69d7c90caef28' class='section-heading ins-heading default default    '  style='margin-top:0; margin-bottom:0'><h3 class='section-heading-title margin-10px-top  default '><\/h3><h6 class='section-heading-subtitle title-font  default '>Partners<\/h6><\/div><script type=\"text\/javascript\">\n\t\t(function(jQuery) {\n\t\t\t\t\t})(jQuery);\n\t\t\t\t\t\t<\/script>[vc_empty_space height=&#8221;30px&#8221;][vc_row_inner][vc_column_inner][vc_column_text]<strong>Quebec Heart and Lung Institute Research Center (CRIUCPQ)<\/strong><br \/>\n<a href=\"http:\/\/www.criucpq.ulaval.ca\/\">http:\/\/www.criucpq.ulaval.ca\/<\/a>[\/vc_column_text][\/vc_column_inner][\/vc_row_inner][vc_row_inner][vc_column_inner width=&#8221;1\/2&#8243;][vc_single_image image=&#8221;16056&#8243; img_size=&#8221;large&#8221;][\/vc_column_inner][vc_column_inner width=&#8221;1\/2&#8243;][\/vc_column_inner][\/vc_row_inner][vc_row_inner][vc_column_inner][vc_column_text]<\/p>\n<div class=\"csc-header csc-header-n5\">\n<p>The Quebec Heart and Lung Institute Research Center (Centre de recherche de l\u2019Institut universitaire de cardiologie et de pneumologie de Qu\u00e9bec &#8211; CRIUCPQ) is an internationally recognized center: it is subsidized by the Fonds de recherche du Qu\u00e9bec &#8211; Sant\u00e9 (FRQS). Research is grouped together under three main areas: cardiology, pneumology and obesity and energy metabolism. These three research axes, while being in very close connection with the Institute&#8217;s subspecialties, are in constant interaction with each other, which allows for rich collaborations between clinical researchers and fundamental researchers of the various research axes.<\/p>\n<\/div>\n<p>[\/vc_column_text][vc_column_text]<\/p>\n<div class=\"csc-header csc-header-n5\">\n<p>Since 2000, the coexistence of our three research axes has meant that the research center has taken a new turn crowned with many successes. CRIUCPQ has all the assets to achieve an innovative vision of cutting-edge research in cardiology, pneumology and obesity. CRIUCPQ is the only research center in Canada, and one of the few in the world, to bring together such lines of research under one roof. The development of CRIUCPQ is in harmony with the vision of the Canadian Institutes of Health Research (CIHR).<\/p>\n<\/div>\n<p>[\/vc_column_text][vc_empty_space height=&#8221;90px&#8221;][\/vc_column_inner][\/vc_row_inner][vc_row_inner gap=&#8221;30&#8243;][vc_column_inner width=&#8221;1\/2&#8243;][vc_column_text]<strong>QRHN &#8211; Quebec Respiratory Health research Network<\/strong><br \/>\n(RSR-QC &#8211; R\u00e9seau de recherche en sant\u00e9 respiratoire du Qu\u00e9bec)<br \/>\n<a href=\"https:\/\/rsr-qc.ca\/\">https:\/\/rsr-qc.ca\/<\/a><\/p>\n<p><strong>Respiratory Health Network tissue bank of the FRQS<\/strong><br \/>\n(Banque de tissus du R\u00e9seau en Sant\u00e9 Respiratoire du FRQS)<br \/>\n<a href=\"https:\/\/biobanque.ca\/\">https:\/\/www.biobanque.ca<\/a>[\/vc_column_text][vc_single_image image=&#8221;15801&#8243; img_size=&#8221;medium&#8221;][vc_empty_space height=&#8221;90px&#8221;][vc_column_text]<strong>CIHR &#8211; Canadian Institutes of Health Research<\/strong><br \/>\n(IRSC- Institut de recherche en sant\u00e9 du Canada)<br \/>\n<a href=\"https:\/\/cihr-irsc.gc.ca\/\">https:\/\/cihr-irsc.gc.ca\/<\/a>[\/vc_column_text][vc_single_image image=&#8221;15791&#8243; img_size=&#8221;320&#215;75&#8243;][vc_empty_space height=&#8221;50px&#8221;][vc_column_text]<strong>Fonds de recherche du Qu\u00e9bec \u2013 Sant\u00e9 (FRQS)<\/strong><br \/>\n<a href=\"http:\/\/www.frqs.gouv.qc.ca\/\">http:\/\/www.frqs.gouv.qc.ca\/<\/a>[\/vc_column_text][vc_single_image image=&#8221;15796&#8243; img_size=&#8221;280*92&#8243;][vc_empty_space height=&#8221;50px&#8221;][vc_column_text]<strong>Actelion<\/strong><br \/>\n<a href=\"https:\/\/www.actelion.com\/\">https:\/\/www.actelion.com\/<\/a>[\/vc_column_text][vc_single_image image=&#8221;15816&#8243; img_size=&#8221;250&#215;90&#8243;][vc_empty_space height=&#8221;50px&#8221;][vc_column_text]<strong>Heart and Stroke Foundation of Canada<\/strong><br \/>\n<a href=\"https:\/\/www.heartandstroke.ca\/\">https:\/\/www.heartandstroke.ca\/<\/a>[\/vc_column_text][vc_single_image image=&#8221;16549&#8243; img_size=&#8221;300&#215;157&#8243;][vc_empty_space height=&#8221;50px&#8221;][vc_column_text]<strong>AstraZeneca<\/strong><br \/>\n<a href=\"https:\/\/www.astrazeneca.ca\/\">https:\/\/www.astrazeneca.ca\/<\/a>[\/vc_column_text][vc_single_image image=&#8221;16155&#8243; img_size=&#8221;300&#215;84&#8243;][vc_empty_space height=&#8221;50px&#8221;][\/vc_column_inner][vc_column_inner width=&#8221;1\/2&#8243;][vc_column_text]<strong>NAVBO &#8211; North American Vascular Biology Organization<\/strong><br \/>\n<a href=\"http:\/\/www.navbo.org\/\">http:\/\/www.navbo.org\/<\/a>[\/vc_column_text][vc_single_image image=&#8221;15865&#8243; img_size=&#8221;medium&#8221;][vc_empty_space height=&#8221;90px&#8221;][vc_column_text]<strong>Merck &#8211; Inventing for life<\/strong><br \/>\n<a href=\"https:\/\/merck.ca\/\">https:\/\/merck.ca\/<\/a>[\/vc_column_text][vc_single_image image=&#8221;15798&#8243; img_size=&#8221;340&#215;92&#8243;][vc_empty_space height=&#8221;50px&#8221;][vc_column_text]<strong>GSK &#8211; GlaxoSmithKline<\/strong><br \/>\n<a href=\"https:\/\/ca.gsk.com\/\">https:\/\/ca.gsk.com\/<\/a>[\/vc_column_text][vc_single_image image=&#8221;15818&#8243; img_size=&#8221;medium&#8221;][vc_empty_space height=&#8221;50px&#8221;][vc_column_text]<strong>Bayer Canada<\/strong><br \/>\n<a href=\"https:\/\/www.bayer.ca\/\">https:\/\/www.bayer.ca\/<\/a>[\/vc_column_text][vc_single_image image=&#8221;15828&#8243; img_size=&#8221;150&#215;150&#8243;][vc_empty_space height=&#8221;50px&#8221;][vc_column_text]<strong>Cardiovascular Medical Research and Education Fund<\/strong><br \/>\n<a href=\"https:\/\/www.ipahresearch.org\/\">https:\/\/www.ipahresearch.org\/<\/a>[\/vc_column_text][vc_single_image image=&#8221;16153&#8243; img_size=&#8221;275&#215;68&#8243;][vc_empty_space height=&#8221;50px&#8221;][vc_column_text]<strong>Resverlogix<\/strong><br \/>\n<a href=\"https:\/\/www.resverlogix.com\/\">https:\/\/www.resverlogix.com\/<\/a>[\/vc_column_text][vc_single_image image=&#8221;16157&#8243; img_size=&#8221;260&#215;131&#8243;][vc_empty_space height=&#8221;50px&#8221;][\/vc_column_inner][\/vc_row_inner][\/vc_tta_section][vc_tta_section title=&#8221;Associations&#8221; tab_id=&#8221;associations&#8221;]<div id='ins-heading-69d7c90caef53' class='section-heading ins-heading default default    '  style='margin-top:0; margin-bottom:0'><h3 class='section-heading-title margin-10px-top  default '><\/h3><h6 class='section-heading-subtitle title-font  default '>Associations<\/h6><\/div><script type=\"text\/javascript\">\n\t\t(function(jQuery) {\n\t\t\t\t\t})(jQuery);\n\t\t\t\t\t\t<\/script>[vc_empty_space height=&#8221;30px&#8221;][vc_column_text]<strong>Pulmonary Hypertension Association of Canada<\/strong><br \/>\n<a href=\"http:\/\/www.phacanada.ca\/\">http:\/\/www.phacanada.ca\/<\/a>[\/vc_column_text][vc_row_inner gap=&#8221;30&#8243;][vc_column_inner width=&#8221;1\/2&#8243;][vc_column_text]The Pulmonary Hypertension Association of Canada (PHA Canada) is a federally registered charity. Founded in 2008 by people with dementia, family caregivers and healthcare professionals, PHA Canada\u2019s mission is to provide a better life for all Canadians affected by pulmonary hypertension.[\/vc_column_text][vc_empty_space height=&#8221;90px&#8221;][\/vc_column_inner][vc_column_inner width=&#8221;1\/2&#8243;][vc_single_image image=&#8221;15835&#8243; img_size=&#8221;full&#8221;][\/vc_column_inner][\/vc_row_inner][vc_row_inner gap=&#8221;30&#8243;][vc_column_inner width=&#8221;1\/2&#8243;][vc_column_text]<strong>Pulmonary Hypertension Association (PHA)<\/strong><br \/>\n<a href=\"http:\/\/www.phassociation.org\/\">http:\/\/www.phassociation.org\/<\/a>[\/vc_column_text][vc_column_text]Founded in Florida in 1990, the Pulmonary Hypertension Association now has more than 10,000 pulmonary hypertension patients, and is supported by caregivers and medical professionals.<br \/>\nHealthcare professionals will be particularly interested in the section<\/p>\n<p><strong>PHA Online University<\/strong><br \/>\n<a href=\"http:\/\/www.phaonlineuniv.org\/\">http:\/\/www.phaonlineuniv.org\/<\/a>[\/vc_column_text][vc_single_image image=&#8221;15837&#8243; img_size=&#8221;medium&#8221;][\/vc_column_inner][vc_column_inner width=&#8221;1\/2&#8243;][vc_column_text]<strong>Pulmonary Hypertension Association &#8211; South Africa<\/strong><br \/>\n<a href=\"http:\/\/www.phsa.co.za\/\">http:\/\/www.phsa.co.za\/<\/a>[\/vc_column_text][vc_single_image image=&#8221;15839&#8243; img_size=&#8221;medium&#8221;][\/vc_column_inner][\/vc_row_inner][vc_empty_space height=&#8221;90px&#8221;][\/vc_tta_section][vc_tta_section title=&#8221;Foundations&#8221; tab_id=&#8221;foundations&#8221;]<div id='ins-heading-69d7c90caef70' class='section-heading ins-heading default default    '  style='margin-top:0; margin-bottom:0'><h3 class='section-heading-title margin-10px-top  default '><\/h3><h6 class='section-heading-subtitle title-font  default '>Foundations<\/h6><\/div><script type=\"text\/javascript\">\n\t\t(function(jQuery) {\n\t\t\t\t\t})(jQuery);\n\t\t\t\t\t\t<\/script>[vc_empty_space height=&#8221;30px&#8221;][vc_row_inner][vc_column_inner][vc_column_text]<strong>Fondation de l&#8217;Institut universitaire de cardiologie et de pneumologie de Qu\u00e9bec (IUCPQ<\/strong><br \/>\n<a href=\"http:\/\/www.fondation-iucpq.org\/\">http:\/\/www.fondation-iucpq.org\/<\/a>[\/vc_column_text][\/vc_column_inner][\/vc_row_inner][vc_row_inner][vc_column_inner width=&#8221;1\/2&#8243;][vc_column_text]The Foundation supports the work of the Institut universitaire de cardiologie et de pneumologie de Qu\u00e9bec (H\u00f4pital Laval), whose main mission is the health of people with cardiopulmonary diseases and diseases related to obesity.[\/vc_column_text][\/vc_column_inner][vc_column_inner width=&#8221;1\/2&#8243;][vc_single_image image=&#8221;16063&#8243; img_size=&#8221;full&#8221;][\/vc_column_inner][\/vc_row_inner][vc_row_inner][vc_column_inner][vc_empty_space height=&#8221;90px&#8221;][vc_column_text]<strong>Fondation Hypertension Art\u00e9rielle Pulmonaire Qu\u00e9bec (Fondation HTAPQ)<\/strong><br \/>\n<a href=\"http:\/\/www.htapquebec.ca\/\">http:\/\/www.htapquebec.ca\/<\/a>[\/vc_column_text][\/vc_column_inner][\/vc_row_inner][vc_row_inner][vc_column_inner width=&#8221;2\/3&#8243;][vc_column_text]The objects and goals of the Fondation HTAPQ are divided into three parts:<br \/>\n<strong>Financial<\/strong>: Direct aid to people in need<br \/>\n<strong>Support<\/strong>: Establishment of support groups and holding of a conference every two years<br \/>\n<strong>Education<\/strong>: Publication of the newsletter &#8220;Le Virevent d&#8217;Isabelle&#8221;, other activities, especially during PAH awareness month and our website.[\/vc_column_text][vc_empty_space height=&#8221;90px&#8221;][\/vc_column_inner][vc_column_inner width=&#8221;1\/3&#8243;][vc_single_image image=&#8221;16067&#8243; img_size=&#8221;220&#215;167&#8243;][\/vc_column_inner][\/vc_row_inner][vc_row_inner][vc_column_inner][vc_column_text]<strong>Fonds sur les maladies respiratoires J.-D.-B\u00e9gin \u2013 P.-H.-Lavoie<\/strong><br \/>\n<a href=\"https:\/\/www.ulaval.ca\/fondation\/donner\/fonds\/0002\/\">https:\/\/www.ulaval.ca\/fondation\/donner\/fonds\/0002\/<\/a>[\/vc_column_text][vc_single_image image=&#8221;16162&#8243; img_size=&#8221;300&#215;124&#8243;][\/vc_column_inner][\/vc_row_inner][\/vc_tta_section][\/vc_tta_tour][\/vc_column][\/vc_row]<\/p>\n","protected":false},"excerpt":{"rendered":"<p>[vc_row css=&#8221;.vc_custom_1584807143299{margin-bottom: 40px !important;}&#8221;][vc_column][vc_empty_space height=&#8221;30px&#8221;][vc_single_image image=&#8221;16249&#8243; img_size=&#8221;full&#8221;][vc_empty_space height=&#8221;30px&#8221;][\/vc_column][\/vc_row][vc_row][vc_column][vc_tta_tour style=&#8221;modern&#8221; color=&#8221;peacoc&#8221; gap=&#8221;10&#8243; active_section=&#8221;1&#8243; no_fill_content_area=&#8221;true&#8221;][vc_tta_section title=&#8221;Partners&#8221; tab_id=&#8221;partners&#8221;][vc_empty_space height=&#8221;30px&#8221;][vc_row_inner][vc_column_inner][vc_column_text]Quebec Heart and Lung Institute Research Center (CRIUCPQ) http:\/\/www.criucpq.ulaval.ca\/[\/vc_column_text][\/vc_column_inner][\/vc_row_inner][vc_row_inner][vc_column_inner width=&#8221;1\/2&#8243;][vc_single_image image=&#8221;16056&#8243; img_size=&#8221;large&#8221;][\/vc_column_inner][vc_column_inner width=&#8221;1\/2&#8243;][\/vc_column_inner][\/vc_row_inner][vc_row_inner][vc_column_inner][vc_column_text] The Quebec [&hellip;]<\/p>\n","protected":false},"author":1,"featured_media":0,"parent":16368,"menu_order":0,"comment_status":"closed","ping_status":"closed","template":"","meta":{"_monsterinsights_skip_tracking":false,"_monsterinsights_sitenote_active":false,"_monsterinsights_sitenote_note":"","_monsterinsights_sitenote_category":0,"footnotes":""},"class_list":["post-16420","page","type-page","status-publish","hentry"],"yoast_head":"<!-- This site is optimized with the Yoast SEO plugin v27.3 - https:\/\/yoast.com\/product\/yoast-seo-wordpress\/ -->\n<title>Partners, associations and foundations - PHRG<\/title>\n<meta name=\"robots\" content=\"index, follow, max-snippet:-1, max-image-preview:large, max-video-preview:-1\" \/>\n<link rel=\"canonical\" href=\"https:\/\/phrg.ca\/en\/recherche\/partenaires-associations-fondations\/\" \/>\n<meta property=\"og:locale\" content=\"en_US\" \/>\n<meta property=\"og:type\" content=\"article\" \/>\n<meta property=\"og:title\" content=\"Partners, associations and foundations - PHRG\" \/>\n<meta property=\"og:description\" content=\"[vc_row css=&#8221;.vc_custom_1584807143299{margin-bottom: 40px !important;}&#8221;][vc_column][vc_empty_space height=&#8221;30px&#8221;][vc_single_image image=&#8221;16249&#8243; img_size=&#8221;full&#8221;][vc_empty_space height=&#8221;30px&#8221;][\/vc_column][\/vc_row][vc_row][vc_column][vc_tta_tour style=&#8221;modern&#8221; color=&#8221;peacoc&#8221; gap=&#8221;10&#8243; active_section=&#8221;1&#8243; no_fill_content_area=&#8221;true&#8221;][vc_tta_section title=&#8221;Partners&#8221; tab_id=&#8221;partners&#8221;][vc_empty_space height=&#8221;30px&#8221;][vc_row_inner][vc_column_inner][vc_column_text]Quebec Heart and Lung Institute Research Center (CRIUCPQ) http:\/\/www.criucpq.ulaval.ca\/[\/vc_column_text][\/vc_column_inner][\/vc_row_inner][vc_row_inner][vc_column_inner width=&#8221;1\/2&#8243;][vc_single_image image=&#8221;16056&#8243; img_size=&#8221;large&#8221;][\/vc_column_inner][vc_column_inner width=&#8221;1\/2&#8243;][\/vc_column_inner][\/vc_row_inner][vc_row_inner][vc_column_inner][vc_column_text] The Quebec [&hellip;]\" \/>\n<meta property=\"og:url\" content=\"https:\/\/phrg.ca\/en\/recherche\/partenaires-associations-fondations\/\" \/>\n<meta property=\"og:site_name\" content=\"PHRG\" \/>\n<meta property=\"article:modified_time\" content=\"2020-11-03T14:22:57+00:00\" \/>\n<meta name=\"twitter:card\" content=\"summary_large_image\" \/>\n<meta name=\"twitter:label1\" content=\"Est. reading time\" \/>\n\t<meta name=\"twitter:data1\" content=\"6 minutes\" \/>\n<script type=\"application\/ld+json\" class=\"yoast-schema-graph\">{\"@context\":\"https:\\\/\\\/schema.org\",\"@graph\":[{\"@type\":\"WebPage\",\"@id\":\"https:\\\/\\\/phrg.ca\\\/en\\\/recherche\\\/partenaires-associations-fondations\\\/\",\"url\":\"https:\\\/\\\/phrg.ca\\\/en\\\/recherche\\\/partenaires-associations-fondations\\\/\",\"name\":\"Partners, associations and foundations - PHRG\",\"isPartOf\":{\"@id\":\"https:\\\/\\\/phrg.ca\\\/en\\\/#website\"},\"datePublished\":\"2020-09-22T14:25:35+00:00\",\"dateModified\":\"2020-11-03T14:22:57+00:00\",\"breadcrumb\":{\"@id\":\"https:\\\/\\\/phrg.ca\\\/en\\\/recherche\\\/partenaires-associations-fondations\\\/#breadcrumb\"},\"inLanguage\":\"en-US\",\"potentialAction\":[{\"@type\":\"ReadAction\",\"target\":[\"https:\\\/\\\/phrg.ca\\\/en\\\/recherche\\\/partenaires-associations-fondations\\\/\"]}]},{\"@type\":\"BreadcrumbList\",\"@id\":\"https:\\\/\\\/phrg.ca\\\/en\\\/recherche\\\/partenaires-associations-fondations\\\/#breadcrumb\",\"itemListElement\":[{\"@type\":\"ListItem\",\"position\":1,\"name\":\"Home\",\"item\":\"https:\\\/\\\/phrg.ca\\\/en\\\/\"},{\"@type\":\"ListItem\",\"position\":2,\"name\":\"The Research\",\"item\":\"https:\\\/\\\/phrg.ca\\\/en\\\/recherche\\\/\"},{\"@type\":\"ListItem\",\"position\":3,\"name\":\"Partners, associations and foundations\"}]},{\"@type\":\"WebSite\",\"@id\":\"https:\\\/\\\/phrg.ca\\\/en\\\/#website\",\"url\":\"https:\\\/\\\/phrg.ca\\\/en\\\/\",\"name\":\"PHRG\",\"description\":\"Pulmonary Hypertension Research Group\",\"potentialAction\":[{\"@type\":\"SearchAction\",\"target\":{\"@type\":\"EntryPoint\",\"urlTemplate\":\"https:\\\/\\\/phrg.ca\\\/en\\\/?s={search_term_string}\"},\"query-input\":{\"@type\":\"PropertyValueSpecification\",\"valueRequired\":true,\"valueName\":\"search_term_string\"}}],\"inLanguage\":\"en-US\"}]}<\/script>\n<!-- \/ Yoast SEO plugin. -->","yoast_head_json":{"title":"Partners, associations and foundations - PHRG","robots":{"index":"index","follow":"follow","max-snippet":"max-snippet:-1","max-image-preview":"max-image-preview:large","max-video-preview":"max-video-preview:-1"},"canonical":"https:\/\/phrg.ca\/en\/recherche\/partenaires-associations-fondations\/","og_locale":"en_US","og_type":"article","og_title":"Partners, associations and foundations - PHRG","og_description":"[vc_row css=&#8221;.vc_custom_1584807143299{margin-bottom: 40px !important;}&#8221;][vc_column][vc_empty_space height=&#8221;30px&#8221;][vc_single_image image=&#8221;16249&#8243; img_size=&#8221;full&#8221;][vc_empty_space height=&#8221;30px&#8221;][\/vc_column][\/vc_row][vc_row][vc_column][vc_tta_tour style=&#8221;modern&#8221; color=&#8221;peacoc&#8221; gap=&#8221;10&#8243; active_section=&#8221;1&#8243; no_fill_content_area=&#8221;true&#8221;][vc_tta_section title=&#8221;Partners&#8221; tab_id=&#8221;partners&#8221;][vc_empty_space height=&#8221;30px&#8221;][vc_row_inner][vc_column_inner][vc_column_text]Quebec Heart and Lung Institute Research Center (CRIUCPQ) http:\/\/www.criucpq.ulaval.ca\/[\/vc_column_text][\/vc_column_inner][\/vc_row_inner][vc_row_inner][vc_column_inner width=&#8221;1\/2&#8243;][vc_single_image image=&#8221;16056&#8243; img_size=&#8221;large&#8221;][\/vc_column_inner][vc_column_inner width=&#8221;1\/2&#8243;][\/vc_column_inner][\/vc_row_inner][vc_row_inner][vc_column_inner][vc_column_text] The Quebec [&hellip;]","og_url":"https:\/\/phrg.ca\/en\/recherche\/partenaires-associations-fondations\/","og_site_name":"PHRG","article_modified_time":"2020-11-03T14:22:57+00:00","twitter_card":"summary_large_image","twitter_misc":{"Est. reading time":"6 minutes"},"schema":{"@context":"https:\/\/schema.org","@graph":[{"@type":"WebPage","@id":"https:\/\/phrg.ca\/en\/recherche\/partenaires-associations-fondations\/","url":"https:\/\/phrg.ca\/en\/recherche\/partenaires-associations-fondations\/","name":"Partners, associations and foundations - PHRG","isPartOf":{"@id":"https:\/\/phrg.ca\/en\/#website"},"datePublished":"2020-09-22T14:25:35+00:00","dateModified":"2020-11-03T14:22:57+00:00","breadcrumb":{"@id":"https:\/\/phrg.ca\/en\/recherche\/partenaires-associations-fondations\/#breadcrumb"},"inLanguage":"en-US","potentialAction":[{"@type":"ReadAction","target":["https:\/\/phrg.ca\/en\/recherche\/partenaires-associations-fondations\/"]}]},{"@type":"BreadcrumbList","@id":"https:\/\/phrg.ca\/en\/recherche\/partenaires-associations-fondations\/#breadcrumb","itemListElement":[{"@type":"ListItem","position":1,"name":"Home","item":"https:\/\/phrg.ca\/en\/"},{"@type":"ListItem","position":2,"name":"The Research","item":"https:\/\/phrg.ca\/en\/recherche\/"},{"@type":"ListItem","position":3,"name":"Partners, associations and foundations"}]},{"@type":"WebSite","@id":"https:\/\/phrg.ca\/en\/#website","url":"https:\/\/phrg.ca\/en\/","name":"PHRG","description":"Pulmonary Hypertension Research Group","potentialAction":[{"@type":"SearchAction","target":{"@type":"EntryPoint","urlTemplate":"https:\/\/phrg.ca\/en\/?s={search_term_string}"},"query-input":{"@type":"PropertyValueSpecification","valueRequired":true,"valueName":"search_term_string"}}],"inLanguage":"en-US"}]}},"_links":{"self":[{"href":"https:\/\/phrg.ca\/en\/wp-json\/wp\/v2\/pages\/16420","targetHints":{"allow":["GET"]}}],"collection":[{"href":"https:\/\/phrg.ca\/en\/wp-json\/wp\/v2\/pages"}],"about":[{"href":"https:\/\/phrg.ca\/en\/wp-json\/wp\/v2\/types\/page"}],"author":[{"embeddable":true,"href":"https:\/\/phrg.ca\/en\/wp-json\/wp\/v2\/users\/1"}],"replies":[{"embeddable":true,"href":"https:\/\/phrg.ca\/en\/wp-json\/wp\/v2\/comments?post=16420"}],"version-history":[{"count":5,"href":"https:\/\/phrg.ca\/en\/wp-json\/wp\/v2\/pages\/16420\/revisions"}],"predecessor-version":[{"id":16558,"href":"https:\/\/phrg.ca\/en\/wp-json\/wp\/v2\/pages\/16420\/revisions\/16558"}],"up":[{"embeddable":true,"href":"https:\/\/phrg.ca\/en\/wp-json\/wp\/v2\/pages\/16368"}],"wp:attachment":[{"href":"https:\/\/phrg.ca\/en\/wp-json\/wp\/v2\/media?parent=16420"}],"curies":[{"name":"wp","href":"https:\/\/api.w.org\/{rel}","templated":true}]}}